{"id":6447,"date":"2022-01-14T10:05:27","date_gmt":"2022-01-14T08:05:27","guid":{"rendered":"https:\/\/bestdentalistanbul.com.tr\/meet-our-team\/"},"modified":"2025-04-06T03:11:26","modified_gmt":"2025-04-06T01:11:26","slug":"dis-hekimlerimiz","status":"publish","type":"page","link":"https:\/\/bestdentalistanbul.com.tr\/tr\/dis-hekimlerimiz\/","title":{"rendered":"Di\u015f Hekimlerimiz"},"content":{"rendered":"<section class=\"intro intro\">\n\t<div class=\"shell\">\n\t\t\n\t\t\t\t\t<p class=\"scaleUp\">Best Dental \u0130stanbul Poliklini\u011fi di\u015f hekimleri, doktor asistanlar\u0131 ve t\u00fcm \u00e7al\u0131\u015fanlar\u0131 olarak hastalar\u0131m\u0131z\u0131n konfor ve memnuniyetine her zaman \u00f6ncelik vermekteyiz.<\/p>\n\t\t\t<\/div><!-- \/.shell -->\n<\/section><!-- \/.intro -->\n\n\n<section class=\"staff\">\n\t<div class=\"shell\">\n\t\t\t\t\n\t\t       <div class=\"block\">\n\t\t\t       \t<div class=\"image\">\n\t\t\t       \t\t<img decoding=\"async\" src=\"https:\/\/bestdentalistanbul.com.tr\/wp-content\/uploads\/dt-emre-arslan.jpg-1.webp\" loading=\"lazy\" alt=\"Di\u015f Hekimlerimiz\" \/>\n\t\t\t       \t<\/div><!-- \/.image -->\n\n\t\t\t       \t<div class=\"right\">\n\t\t\t       \t\t<h2>Dt. Emre ARSLAN<\/h2>\n\n\t\t\t       \t\t<h3>Kurucu ve Di\u015f Hekimi<\/h3>\n\n\t\t\t       \t\t<p>Gazi \u00dcniversitesi Di\u015f Hekimli\u011fi Fak\u00fcltesinde mezun olan doktorumuz farkl\u0131 kurulu\u015flarda \u00e7al\u0131\u015ft\u0131ktan sonra Best Dental \u0130stanbul A\u011f\u0131z ve Di\u015f Sa\u011fl\u0131\u011f\u0131 Poliklini\u011finde kurucu ortak, mesul m\u00fcd\u00fcr ve di\u015f hekimi olarak g\u00f6rev yapmaktad\u0131r.<\/p>\n\n\t\t\t       \t\t<a class=\"btn\" href=\"\/tr\/dr-emre-arslan\/\">devam\u0131<\/a>\n\t\t\t       \t<\/div><!-- \/.right -->\n\t\t       <\/div><!-- \/.block -->\n\t\t\n\t\t  \t\t\n\t\t       <div class=\"block\">\n\t\t\t       \t<div class=\"image\">\n\t\t\t       \t\t<img decoding=\"async\" src=\"https:\/\/bestdentalistanbul.com.tr\/wp-content\/uploads\/gurkan-atakan-1.jpg\" loading=\"lazy\" alt=\"Di\u015f Hekimlerimiz\" \/>\n\t\t\t       \t<\/div><!-- \/.image -->\n\n\t\t\t       \t<div class=\"right\">\n\t\t\t       \t\t<h2>Dt. G\u00fcrkan ATAKAN<\/h2>\n\n\t\t\t       \t\t<h3>Di\u015f Hekimi<\/h3>\n\n\t\t\t       \t\t<p>Ege \u00dcniversitesi Di\u015f Hekimli\u011fi Fak\u00fcltesi Protetik Di\u015f Tedavisi Anabilim Dal\u0131nda uzmanl\u0131\u011f\u0131n\u0131 tamamlam\u0131\u015ft\u0131r. \u00c7e\u015fitli \u00f6zel kliniklerde \u00e7al\u0131\u015ft\u0131ktan sonra Best Dental \u0130stanbul klini\u011fimizde Protetik Di\u015f Uzman\u0131 olarak \u00e7al\u0131\u015fmaktad\u0131r.<\/p>\n\n\t\t\t       \t\t<a class=\"btn\" href=\"\/tr\/dr-gurkan-atakan\/\">devam\u0131<\/a>\n\t\t\t       \t<\/div><!-- \/.right -->\n\t\t       <\/div><!-- \/.block -->\n\t\t\n\t\t  \t<\/div><!-- \/.shell -->\n<\/section><!-- \/.staff -->\n","protected":false},"excerpt":{"rendered":"","protected":false},"author":8,"featured_media":0,"parent":0,"menu_order":0,"comment_status":"closed","ping_status":"closed","template":"","meta":{"_acf_changed":false,"footnotes":""},"class_list":["post-6447","page","type-page","status-publish","hentry"],"acf":[],"_links":{"self":[{"href":"https:\/\/bestdentalistanbul.com.tr\/tr\/wp-json\/wp\/v2\/pages\/6447","targetHints":{"allow":["GET"]}}],"collection":[{"href":"https:\/\/bestdentalistanbul.com.tr\/tr\/wp-json\/wp\/v2\/pages"}],"about":[{"href":"https:\/\/bestdentalistanbul.com.tr\/tr\/wp-json\/wp\/v2\/types\/page"}],"author":[{"embeddable":true,"href":"https:\/\/bestdentalistanbul.com.tr\/tr\/wp-json\/wp\/v2\/users\/8"}],"replies":[{"embeddable":true,"href":"https:\/\/bestdentalistanbul.com.tr\/tr\/wp-json\/wp\/v2\/comments?post=6447"}],"version-history":[{"count":2,"href":"https:\/\/bestdentalistanbul.com.tr\/tr\/wp-json\/wp\/v2\/pages\/6447\/revisions"}],"predecessor-version":[{"id":9521,"href":"https:\/\/bestdentalistanbul.com.tr\/tr\/wp-json\/wp\/v2\/pages\/6447\/revisions\/9521"}],"wp:attachment":[{"href":"https:\/\/bestdentalistanbul.com.tr\/tr\/wp-json\/wp\/v2\/media?parent=6447"}],"curies":[{"name":"wp","href":"https:\/\/api.w.org\/{rel}","templated":true}]}}