{"id":6441,"date":"2022-01-15T10:15:55","date_gmt":"2022-01-15T08:15:55","guid":{"rendered":"https:\/\/bestdentalistanbul.com.tr\/office-tour\/"},"modified":"2023-06-24T18:55:37","modified_gmt":"2023-06-24T16:55:37","slug":"klinik-turu","status":"publish","type":"page","link":"https:\/\/bestdentalistanbul.com.tr\/tr\/klinik-turu\/","title":{"rendered":"Klinik Turu"},"content":{"rendered":"<section class=\"intro intro\">\n\t<div class=\"shell\">\n\t\t\n\t\t\t\t\t<p class=\"scaleUp\">Best Dental \u0130stanbul A\u011f\u0131z ve Di\u015f Sa\u011fl\u0131\u011f\u0131 Poliklini\u011fi, deniz ve millet bah\u00e7esi manzaral\u0131 sahil yolu \u00fczerinde olan Yal\u0131 Atak\u00f6y Sitesi&#8217;nde bulunmakta ve \u0130stanbul havaliman\u0131na 30 dakika uzakl\u0131kta yer almaktad\u0131r.<\/p>\n\t\t\t<\/div><!-- \/.shell -->\n<\/section><!-- \/.intro -->\n\n\n<section class=\"different left\">\n\t<div class=\"different__block video-block\">\n\t\t<div class=\"left\">\n\t\t\t<div class=\"description moveRight\">\n\t\t\t\t<h2>&#8220;Konfor ayr\u0131cal\u0131kt\u0131r&#8221;<\/h2>\n<p>Best Dental \u0130stanbul A\u011f\u0131z ve Di\u015f Sa\u011fl\u0131\u011f\u0131 Poliklini\u011fi olarak hastalar\u0131m\u0131z\u0131n a\u011f\u0131z ve di\u015f sa\u011fl\u0131\u011f\u0131 ihtiya\u00e7lar\u0131na kapsaml\u0131 \u00e7\u00f6z\u00fcmler sunuyoruz. Personelimiz sizi ve ailenizi her zaman s\u0131cak bir g\u00fcl\u00fcmsemeyle kar\u015f\u0131lar.<\/p>\n\t\t\t<\/div><!-- \/.description -->\n\t\t<\/div><!-- \/.left -->\n\n\t\t<div class=\"right\">\n\t\t\t\t\t\t\t<div class=\"bg-color bg-color--video\">\n\t\t\t\t\t<a class=\"popup-youtube moveRight\" href=\"https:\/\/bestdentalistanbul.com.tr\/wp-content\/uploads\/best-dental-istanbul.mp4\">\n\t\t\t\t\t\t<img decoding=\"async\" src=\"https:\/\/bestdentalistanbul.com.tr\/wp-content\/uploads\/1.jpg\" alt=\"Online Tur\" \/>\n\n\t\t\t\t\t\t<span class=\"play-icon\">\n\t\t\t\t\t\t\t\t<svg xmlns=\"http:\/\/www.w3.org\/2000\/svg\" class=\"i i-play class\">\n\t    <use xlink:href=\"https:\/\/bestdentalistanbul.com.tr\/wp-content\/themes\/dilber_dental\/images\/sprite.svg#play\"><\/use>\n\t<\/svg>\n\t\t\t\t\t\t\t<\/span>\n\t\t\t\t\t<\/a>\n\t\t\t\t<\/div><!-- \/.bg-color-vodeo -->\n\t\t\t\t\t<\/div><!-- \/.right -->\n\t<\/div><!-- \/.different__block -->\n<\/section><!-- \/.different -->\n\n\n<section class=\"quote\">\n\t<div class=\"shell right\">\n\t\t<div class=\"blockquote scaleUp\">\n\t\t\t<p><b>\u0130leti\u015fim i\u00e7in bizi arayabilirsiniz. 0532 570 00 90 <\/b><\/p>\n\t\t<\/div><!-- \/.blockquote -->\n\t<\/div><!-- \/.shell -->\n<\/section><!-- \/.quote -->\n\n\n<section class=\"dif_gallery\">\n\t<div class=\"dif_gallery__block pop\">\n\t\t\t\t        \t                <a href=\"https:\/\/bestdentalistanbul.com.tr\/wp-content\/uploads\/best-dental-istanbul-012.jpg\">\n\t                     <img decoding=\"async\" src=\"https:\/\/bestdentalistanbul.com.tr\/wp-content\/uploads\/best-dental-istanbul-012-851x477.jpg\" loading=\"lazy\" alt=\"\" \/>\n\t                <\/a>\n\t\t        \t                <a href=\"https:\/\/bestdentalistanbul.com.tr\/wp-content\/uploads\/best-dental-istanbul-013.jpg\">\n\t                     <img decoding=\"async\" src=\"https:\/\/bestdentalistanbul.com.tr\/wp-content\/uploads\/best-dental-istanbul-013-851x477.jpg\" loading=\"lazy\" alt=\"\" \/>\n\t                <\/a>\n\t\t        \t                <a href=\"https:\/\/bestdentalistanbul.com.tr\/wp-content\/uploads\/best-dental-istanbul-014.jpg\">\n\t                     <img decoding=\"async\" src=\"https:\/\/bestdentalistanbul.com.tr\/wp-content\/uploads\/best-dental-istanbul-014-851x477.jpg\" loading=\"lazy\" alt=\"\" \/>\n\t                <\/a>\n\t\t        \t                <a href=\"https:\/\/bestdentalistanbul.com.tr\/wp-content\/uploads\/best-dental-istanbul-006.jpg\">\n\t                     <img decoding=\"async\" src=\"https:\/\/bestdentalistanbul.com.tr\/wp-content\/uploads\/best-dental-istanbul-006-851x477.jpg\" loading=\"lazy\" alt=\"\" \/>\n\t                <\/a>\n\t\t        \t                <a href=\"https:\/\/bestdentalistanbul.com.tr\/wp-content\/uploads\/best-dental-istanbul-007.jpg\">\n\t                     <img decoding=\"async\" src=\"https:\/\/bestdentalistanbul.com.tr\/wp-content\/uploads\/best-dental-istanbul-007-851x477.jpg\" loading=\"lazy\" alt=\"\" \/>\n\t                <\/a>\n\t\t        \t                <a href=\"https:\/\/bestdentalistanbul.com.tr\/wp-content\/uploads\/best-dental-istanbul-009.jpg\">\n\t                     <img decoding=\"async\" src=\"https:\/\/bestdentalistanbul.com.tr\/wp-content\/uploads\/best-dental-istanbul-009-851x477.jpg\" loading=\"lazy\" alt=\"\" \/>\n\t                <\/a>\n\t\t        \t                <a href=\"https:\/\/bestdentalistanbul.com.tr\/wp-content\/uploads\/best-dental-istanbul-010.jpg\">\n\t                     <img decoding=\"async\" src=\"https:\/\/bestdentalistanbul.com.tr\/wp-content\/uploads\/best-dental-istanbul-010-851x477.jpg\" loading=\"lazy\" alt=\"\" \/>\n\t                <\/a>\n\t\t        \t                <a href=\"https:\/\/bestdentalistanbul.com.tr\/wp-content\/uploads\/best-dental-istanbul-015.jpg\">\n\t                     <img decoding=\"async\" src=\"https:\/\/bestdentalistanbul.com.tr\/wp-content\/uploads\/best-dental-istanbul-015-851x477.jpg\" loading=\"lazy\" alt=\"\" \/>\n\t                <\/a>\n\t\t        \t                <a href=\"https:\/\/bestdentalistanbul.com.tr\/wp-content\/uploads\/best-dental-istanbul-001.jpg\">\n\t                     <img decoding=\"async\" src=\"https:\/\/bestdentalistanbul.com.tr\/wp-content\/uploads\/best-dental-istanbul-001-851x477.jpg\" loading=\"lazy\" alt=\"\" \/>\n\t                <\/a>\n\t\t        \t                <a href=\"https:\/\/bestdentalistanbul.com.tr\/wp-content\/uploads\/best-dental-istanbul-002.jpg\">\n\t                     <img decoding=\"async\" src=\"https:\/\/bestdentalistanbul.com.tr\/wp-content\/uploads\/best-dental-istanbul-002-851x477.jpg\" loading=\"lazy\" alt=\"\" \/>\n\t                <\/a>\n\t\t        \t                <a href=\"https:\/\/bestdentalistanbul.com.tr\/wp-content\/uploads\/best-dental-istanbul-003.jpg\">\n\t                     <img decoding=\"async\" src=\"https:\/\/bestdentalistanbul.com.tr\/wp-content\/uploads\/best-dental-istanbul-003-851x477.jpg\" loading=\"lazy\" alt=\"\" \/>\n\t                <\/a>\n\t\t        \t                <a href=\"https:\/\/bestdentalistanbul.com.tr\/wp-content\/uploads\/best-dental-istanbul-004.jpg\">\n\t                     <img decoding=\"async\" src=\"https:\/\/bestdentalistanbul.com.tr\/wp-content\/uploads\/best-dental-istanbul-004-851x477.jpg\" loading=\"lazy\" alt=\"\" \/>\n\t                <\/a>\n\t\t        \t                <a href=\"https:\/\/bestdentalistanbul.com.tr\/wp-content\/uploads\/best-dental-istanbul-016.jpg\">\n\t                     <img decoding=\"async\" src=\"https:\/\/bestdentalistanbul.com.tr\/wp-content\/uploads\/best-dental-istanbul-016-851x477.jpg\" loading=\"lazy\" alt=\"\" \/>\n\t                <\/a>\n\t\t        \t                <a href=\"https:\/\/bestdentalistanbul.com.tr\/wp-content\/uploads\/best-dental-istanbul-011.jpg\">\n\t                     <img decoding=\"async\" src=\"https:\/\/bestdentalistanbul.com.tr\/wp-content\/uploads\/best-dental-istanbul-011-851x477.jpg\" loading=\"lazy\" alt=\"\" \/>\n\t                <\/a>\n\t\t        \t                <a href=\"https:\/\/bestdentalistanbul.com.tr\/wp-content\/uploads\/best-dental-istanbul-008.jpg\">\n\t                     <img decoding=\"async\" src=\"https:\/\/bestdentalistanbul.com.tr\/wp-content\/uploads\/best-dental-istanbul-008-851x477.jpg\" loading=\"lazy\" alt=\"\" \/>\n\t                <\/a>\n\t\t        \t\t\t<\/div><!-- \/.dif_gallery__block -->\t\n<\/section><!-- \/.dif_gallery -->\n\n\n<section class=\"btn_sec two moveUp\">\n\t<div class=\"shell\">\n\t\t\t\t       \n\t\t        <a href=\"https:\/\/www.google.com\/maps\/place\/Best+Dental+%C4%B0stanbul+%7C+Veneers+%7C+Implants+%7C+Crowns\/@40.975684,28.861296,16z\/data=!4m5!3m4!1s0x0:0x3ee8122adb2d9785!8m2!3d40.9756839!4d28.861296?hl=tr\" class=\"blue_btn\">\n\t\t       \t\tGoogle Konumu\t\t       \t<\/a>\n\t\t\n\t\t  \t\t       \n\t\t        <a href=\"\/tr\/iletisim\/\" class=\"blue_btn\">\n\t\t       \t\t\u0130leti\u015fim\t\t       \t<\/a>\n\t\t\n\t\t  \t<\/div><!-- \/.shell -->\n<\/section><!-- \/.btn_sec -->\n","protected":false},"excerpt":{"rendered":"","protected":false},"author":8,"featured_media":0,"parent":0,"menu_order":0,"comment_status":"closed","ping_status":"closed","template":"","meta":{"_acf_changed":false,"footnotes":""},"class_list":["post-6441","page","type-page","status-publish","hentry"],"acf":[],"_links":{"self":[{"href":"https:\/\/bestdentalistanbul.com.tr\/tr\/wp-json\/wp\/v2\/pages\/6441","targetHints":{"allow":["GET"]}}],"collection":[{"href":"https:\/\/bestdentalistanbul.com.tr\/tr\/wp-json\/wp\/v2\/pages"}],"about":[{"href":"https:\/\/bestdentalistanbul.com.tr\/tr\/wp-json\/wp\/v2\/types\/page"}],"author":[{"embeddable":true,"href":"https:\/\/bestdentalistanbul.com.tr\/tr\/wp-json\/wp\/v2\/users\/8"}],"replies":[{"embeddable":true,"href":"https:\/\/bestdentalistanbul.com.tr\/tr\/wp-json\/wp\/v2\/comments?post=6441"}],"version-history":[{"count":0,"href":"https:\/\/bestdentalistanbul.com.tr\/tr\/wp-json\/wp\/v2\/pages\/6441\/revisions"}],"wp:attachment":[{"href":"https:\/\/bestdentalistanbul.com.tr\/tr\/wp-json\/wp\/v2\/media?parent=6441"}],"curies":[{"name":"wp","href":"https:\/\/api.w.org\/{rel}","templated":true}]}}