{"id":6438,"date":"2022-01-15T11:53:07","date_gmt":"2022-01-15T09:53:07","guid":{"rendered":"https:\/\/bestdentalistanbul.com.tr\/where-we-are\/"},"modified":"2023-06-24T18:55:31","modified_gmt":"2023-06-24T16:55:31","slug":"biz-neredeyiz","status":"publish","type":"page","link":"https:\/\/bestdentalistanbul.com.tr\/tr\/biz-neredeyiz\/","title":{"rendered":"Biz Neredeyiz?"},"content":{"rendered":"<section class=\"intro_2\">\n\t<div class=\"shell\">\n\t\t<div class=\"l\">\n\t\t\t<img decoding=\"async\" src=\"https:\/\/bestdentalistanbul.com.tr\/wp-content\/uploads\/best-dental-icon.png\" alt=\"Biz Neredeyiz?\" \/>\n\n\t\t\t<p>A\u011f\u0131z ve Di\u015f Sa\u011fl\u0131\u011f\u0131 Poliklini\u011fimiz deniz ve millet bah\u00e7esi manzaral\u0131 sahil yolu \u00fczerinde olan Yal\u0131 Atak\u00f6y\u2019de bulunmakta ve \u0130stanbul havaliman\u0131na 30 dakika uzakl\u0131kta yer almaktad\u0131r.<\/p>\n\t\t<\/div><!-- \/.l -->\n\n\t\t<div class=\"r\">\n\t\t\t<p>Atak\u00f6y 2-5-6. Mh. Rauf Orbay Cd. No:4 Yal\u0131 Atak\u00f6y Apart Ofis C Blok A Giri\u015fi, Kat:3 D:49, 34158 <strong>Bak\u0131rk\u00f6y \/ \u0130stanbul \u2013 T\u00fcrkiye<\/strong><\/p>\n\t\t<\/div><!-- \/.r -->\n\t<\/div><!-- \/.shell -->\n<\/section><!-- \/.intro_2 -->\n\n\n<div class=\"map \">\n  <a href=\"https:\/\/www.google.com\/maps\/place\/Best+Dental+%C4%B0stanbul+%7C+Veneers+%7C+Implants+%7C+Crowns\/@40.975684,28.861296,16z\/data=!4m5!3m4!1s0x0:0x3ee8122adb2d9785!8m2!3d40.9756839!4d28.861296?hl=tr\">\n    <script src=\"\/\/maps.googleapis.com\/maps\/api\/js?key=AIzaSyDsDco2f7eqIAJKqYm0VKeni5y8lXrlLiw\"><\/script>\n    <script>\n    function initialize() {\n      var map = new google.maps.Map(\n        document.getElementById('map'), {\n          center: new google.maps.LatLng(40.9756839, 28.861296),\n          zoom: 16,\n          mapTypeId: google.maps.MapTypeId.ROADMAP,\n          styles: [\n            {\r\n        \"featureType\": \"water\",\r\n        \"elementType\": \"geometry\",\r\n        \"stylers\": [\r\n            {\r\n                \"color\": \"#e9e9e9\"\r\n            },\r\n            {\r\n                \"lightness\": 17\r\n            }\r\n        ]\r\n    },\r\n    {\r\n        \"featureType\": \"landscape\",\r\n        \"elementType\": \"geometry\",\r\n        \"stylers\": [\r\n            {\r\n                \"color\": \"#f5f5f5\"\r\n            },\r\n            {\r\n                \"lightness\": 20\r\n            }\r\n        ]\r\n    },\r\n    {\r\n        \"featureType\": \"road.highway\",\r\n        \"elementType\": \"geometry.fill\",\r\n        \"stylers\": [\r\n            {\r\n                \"color\": \"#ffffff\"\r\n            },\r\n            {\r\n                \"lightness\": 17\r\n            }\r\n        ]\r\n    },\r\n    {\r\n        \"featureType\": \"road.highway\",\r\n        \"elementType\": \"geometry.stroke\",\r\n        \"stylers\": [\r\n            {\r\n                \"color\": \"#ffffff\"\r\n            },\r\n            {\r\n                \"lightness\": 29\r\n            },\r\n            {\r\n                \"weight\": 0.2\r\n            }\r\n        ]\r\n    },\r\n    {\r\n        \"featureType\": \"road.arterial\",\r\n        \"elementType\": \"geometry\",\r\n        \"stylers\": [\r\n            {\r\n                \"color\": \"#ffffff\"\r\n            },\r\n            {\r\n                \"lightness\": 18\r\n            }\r\n        ]\r\n    },\r\n    {\r\n        \"featureType\": \"road.local\",\r\n        \"elementType\": \"geometry\",\r\n        \"stylers\": [\r\n            {\r\n                \"color\": \"#ffffff\"\r\n            },\r\n            {\r\n                \"lightness\": 16\r\n            }\r\n        ]\r\n    },\r\n    {\r\n        \"featureType\": \"poi\",\r\n        \"elementType\": \"geometry\",\r\n        \"stylers\": [\r\n            {\r\n                \"color\": \"#f5f5f5\"\r\n            },\r\n            {\r\n                \"lightness\": 21\r\n            }\r\n        ]\r\n    },\r\n    {\r\n        \"featureType\": \"poi.park\",\r\n        \"elementType\": \"geometry\",\r\n        \"stylers\": [\r\n            {\r\n                \"color\": \"#dedede\"\r\n            },\r\n            {\r\n                \"lightness\": 21\r\n            }\r\n        ]\r\n    },\r\n    {\r\n        \"elementType\": \"labels.text.stroke\",\r\n        \"stylers\": [\r\n            {\r\n                \"visibility\": \"on\"\r\n            },\r\n            {\r\n                \"color\": \"#ffffff\"\r\n            },\r\n            {\r\n                \"lightness\": 16\r\n            }\r\n        ]\r\n    },\r\n    {\r\n        \"elementType\": \"labels.text.fill\",\r\n        \"stylers\": [\r\n            {\r\n                \"saturation\": 36\r\n            },\r\n            {\r\n                \"color\": \"#333333\"\r\n            },\r\n            {\r\n                \"lightness\": 40\r\n            }\r\n        ]\r\n    },\r\n    {\r\n        \"elementType\": \"labels.icon\",\r\n        \"stylers\": [\r\n            {\r\n                \"visibility\": \"off\"\r\n            }\r\n        ]\r\n    },\r\n    {\r\n        \"featureType\": \"transit\",\r\n        \"elementType\": \"geometry\",\r\n        \"stylers\": [\r\n            {\r\n                \"color\": \"#f2f2f2\"\r\n            },\r\n            {\r\n                \"lightness\": 19\r\n            }\r\n        ]\r\n    },\r\n    {\r\n        \"featureType\": \"administrative\",\r\n        \"elementType\": \"geometry.fill\",\r\n        \"stylers\": [\r\n            {\r\n                \"color\": \"#fefefe\"\r\n            },\r\n            {\r\n                \"lightness\": 20\r\n            }\r\n        ]\r\n    },\r\n    {\r\n        \"featureType\": \"administrative\",\r\n        \"elementType\": \"geometry.stroke\",\r\n        \"stylers\": [\r\n            {\r\n                \"color\": \"#fefefe\"\r\n            },\r\n            {\r\n                \"lightness\": 17\r\n            },\r\n            {\r\n                \"weight\": 1.2\r\n            }\r\n        ]\r\n    }          ]\n      });\n\n      var marker = new google.maps.Marker({\n            position: new google.maps.LatLng(40.9756839, 28.861296),\n            map: map,\n            \/\/ icon   : \"https:\/\/bestdentalistanbul.com.tr\/wp-content\/uploads\/map-pin.png\",\n            icon: {\n                url: '\/wp-content\/uploads\/map-pin.png',\n                anchor: new google.maps.Point(306, 65)\n            },\n            title: 'BEST DENTAL \u0130STANBUL'\n      });\n\n    }\n    google.maps.event.addDomListener(window, 'load', initialize);\n    <\/script>\n\n\n<div id=\"map\"><\/div>\n  <\/a>\n<\/div><!-- \/.map -->\n\n<section class=\"dif_gallery\">\n\t<div class=\"dif_gallery__block pop\">\n\t\t\t\t        \t                <a href=\"https:\/\/bestdentalistanbul.com.tr\/wp-content\/uploads\/11.jpg\">\n\t                     <img decoding=\"async\" src=\"https:\/\/bestdentalistanbul.com.tr\/wp-content\/uploads\/11.jpg\" loading=\"lazy\" alt=\"\" \/>\n\t                <\/a>\n\t\t        \t                <a href=\"https:\/\/bestdentalistanbul.com.tr\/wp-content\/uploads\/22.jpg\">\n\t                     <img decoding=\"async\" src=\"https:\/\/bestdentalistanbul.com.tr\/wp-content\/uploads\/22.jpg\" loading=\"lazy\" alt=\"\" \/>\n\t                <\/a>\n\t\t        \t                <a href=\"https:\/\/bestdentalistanbul.com.tr\/wp-content\/uploads\/33.jpg\">\n\t                     <img decoding=\"async\" src=\"https:\/\/bestdentalistanbul.com.tr\/wp-content\/uploads\/33.jpg\" loading=\"lazy\" alt=\"\" \/>\n\t                <\/a>\n\t\t        \t\t\t<\/div><!-- \/.dif_gallery__block -->\t\n<\/section><!-- \/.dif_gallery -->\n\n\n<section class=\"btn_sec two moveUp\">\n\t<div class=\"shell\">\n\t\t\t\t       \n\t\t        <a href=\"https:\/\/g.page\/bestdentalistanbul\" class=\"blue_btn\">\n\t\t       \t\tGoogle Konumumuz\t\t       \t<\/a>\n\t\t\n\t\t  \t\t       \n\t\t        <a href=\"\/tr\/iletisim\/\" class=\"blue_btn\">\n\t\t       \t\t\u0130leti\u015fim\t\t       \t<\/a>\n\t\t\n\t\t  \t<\/div><!-- \/.shell -->\n<\/section><!-- \/.btn_sec -->\n","protected":false},"excerpt":{"rendered":"","protected":false},"author":8,"featured_media":0,"parent":0,"menu_order":0,"comment_status":"closed","ping_status":"closed","template":"","meta":{"_acf_changed":false,"footnotes":""},"class_list":["post-6438","page","type-page","status-publish","hentry"],"acf":[],"_links":{"self":[{"href":"https:\/\/bestdentalistanbul.com.tr\/tr\/wp-json\/wp\/v2\/pages\/6438","targetHints":{"allow":["GET"]}}],"collection":[{"href":"https:\/\/bestdentalistanbul.com.tr\/tr\/wp-json\/wp\/v2\/pages"}],"about":[{"href":"https:\/\/bestdentalistanbul.com.tr\/tr\/wp-json\/wp\/v2\/types\/page"}],"author":[{"embeddable":true,"href":"https:\/\/bestdentalistanbul.com.tr\/tr\/wp-json\/wp\/v2\/users\/8"}],"replies":[{"embeddable":true,"href":"https:\/\/bestdentalistanbul.com.tr\/tr\/wp-json\/wp\/v2\/comments?post=6438"}],"version-history":[{"count":0,"href":"https:\/\/bestdentalistanbul.com.tr\/tr\/wp-json\/wp\/v2\/pages\/6438\/revisions"}],"wp:attachment":[{"href":"https:\/\/bestdentalistanbul.com.tr\/tr\/wp-json\/wp\/v2\/media?parent=6438"}],"curies":[{"name":"wp","href":"https:\/\/api.w.org\/{rel}","templated":true}]}}