{"id":6429,"date":"2022-01-16T08:22:20","date_gmt":"2022-01-16T06:22:20","guid":{"rendered":"https:\/\/bestdentalistanbul.com.tr\/contact-us\/"},"modified":"2023-06-24T18:39:42","modified_gmt":"2023-06-24T16:39:42","slug":"iletisim","status":"publish","type":"page","link":"https:\/\/bestdentalistanbul.com.tr\/tr\/iletisim\/","title":{"rendered":"\u0130leti\u015fim"},"content":{"rendered":"<section class=\"top_sec top_sec--form\">\n\t<div class=\"top_sec__block \">\n\t\t<div class=\"left\">\n\t\t\t\n\t\t\t\t\t\t\t<div class=\"white-bg\">\n\t\t\t\t\t<h2>\u0130leti\u015fim Bilgileri<\/h2>\n\n\t\t\t\t\t<div class=\"details\">\n\t\t\t\t\t\t<p>\n\t\t\t\t\t\t\t<span>\n\t\t\t\t\t\t\t\t\t<svg xmlns=\"http:\/\/www.w3.org\/2000\/svg\" class=\"i i-location location-icon\">\n\t    <use xlink:href=\"https:\/\/bestdentalistanbul.com.tr\/wp-content\/themes\/dilber_dental\/images\/sprite.svg#location\"><\/use>\n\t<\/svg>\n\t\t\t\t\t\t\t\t\tAtak\u00f6y 2-5-6. K\u0131s\u0131m Mah. Rauf Orbay Cad. No.4 Yal\u0131 Atak\u00f6y C Blok A Giri\u015fi D:49 34158 Bak\u0131rk\u00f6y \/ \u0130stanbul \u2013 T\u00fcrkiye\t\t\t\t\t\t\t<\/span>\n\t\t\t\t\t\t<\/p>\n\n\t\t\t\t\t\t<p>\n\t\t\t\t\t\t\t<a href=\"mailto:info@bestdentalistanbul.com.tr\">\n\t\t\t\t\t\t\t\t\t<svg xmlns=\"http:\/\/www.w3.org\/2000\/svg\" class=\"i i-email email-icon\">\n\t    <use xlink:href=\"https:\/\/bestdentalistanbul.com.tr\/wp-content\/themes\/dilber_dental\/images\/sprite.svg#email\"><\/use>\n\t<\/svg>\n\t\t\t\t\t\t\t\t\tinfo@bestdentalistanbul.com.tr\t\t\t\t\t\t\t<\/a>\n\t\t\t\t\t\t<\/p>\n\n\t\t\t\t\t\t<p>\n\t\t\t\t\t\t\t<a href=\"tel:+905413380560\">\n\t\t\t\t\t\t\t\t\t<svg xmlns=\"http:\/\/www.w3.org\/2000\/svg\" class=\"i i-telephone telephone-icon\">\n\t    <use xlink:href=\"https:\/\/bestdentalistanbul.com.tr\/wp-content\/themes\/dilber_dental\/images\/sprite.svg#telephone\"><\/use>\n\t<\/svg>\n\t+90 541 338 05 60\t\t\t\t\t\t\t<\/a>\n\t\t\t\t\t\t<\/p>\n\n\t\t\t\t\t\t<p>\n\t\t\t\t\t\t\t<a href=\"https:\/\/api.whatsapp.com\/send?phone=905413380560\">\n\t\t\t\t\t\t\t\t\t<svg xmlns=\"http:\/\/www.w3.org\/2000\/svg\" class=\"i i-whatsapp whatsapp-icon\">\n\t    <use xlink:href=\"https:\/\/bestdentalistanbul.com.tr\/wp-content\/themes\/dilber_dental\/images\/sprite.svg#whatsapp\"><\/use>\n\t<\/svg>\n\t+90 541 338 05 60\t\t\t\t\t\t\t<\/a>\n\t\t\t\t\t\t<\/p>\n\t\t\t\t<\/div><!-- \/.white-bg -->\n\t\t\t\t<\/div><!-- \/.details -->\n\t\t\t\t\t<\/div><!-- \/.left -->\n\n\t\t<div class=\"right\">\n\t\t\t\t\t\t\t<div class=\"contact-form moveLeft\">\n\t\t\t\t\t<h3>Bize Yaz\u0131n<\/h3>\n\n\t\t\t\t\t\t\t\t\t  \t\t\t\t\t <script type=\"text\/javascript\">\n\/* <![CDATA[ *\/\nvar gform;gform||(document.addEventListener(\"gform_main_scripts_loaded\",function(){gform.scriptsLoaded=!0}),document.addEventListener(\"gform\/theme\/scripts_loaded\",function(){gform.themeScriptsLoaded=!0}),window.addEventListener(\"DOMContentLoaded\",function(){gform.domLoaded=!0}),gform={domLoaded:!1,scriptsLoaded:!1,themeScriptsLoaded:!1,isFormEditor:()=>\"function\"==typeof InitializeEditor,callIfLoaded:function(o){return!(!gform.domLoaded||!gform.scriptsLoaded||!gform.themeScriptsLoaded&&!gform.isFormEditor()||(gform.isFormEditor()&&console.warn(\"The use of gform.initializeOnLoaded() is deprecated in the form editor context and will be removed in Gravity Forms 3.1.\"),o(),0))},initializeOnLoaded:function(o){gform.callIfLoaded(o)||(document.addEventListener(\"gform_main_scripts_loaded\",()=>{gform.scriptsLoaded=!0,gform.callIfLoaded(o)}),document.addEventListener(\"gform\/theme\/scripts_loaded\",()=>{gform.themeScriptsLoaded=!0,gform.callIfLoaded(o)}),window.addEventListener(\"DOMContentLoaded\",()=>{gform.domLoaded=!0,gform.callIfLoaded(o)}))},hooks:{action:{},filter:{}},addAction:function(o,r,e,t){gform.addHook(\"action\",o,r,e,t)},addFilter:function(o,r,e,t){gform.addHook(\"filter\",o,r,e,t)},doAction:function(o){gform.doHook(\"action\",o,arguments)},applyFilters:function(o){return gform.doHook(\"filter\",o,arguments)},removeAction:function(o,r){gform.removeHook(\"action\",o,r)},removeFilter:function(o,r,e){gform.removeHook(\"filter\",o,r,e)},addHook:function(o,r,e,t,n){null==gform.hooks[o][r]&&(gform.hooks[o][r]=[]);var d=gform.hooks[o][r];null==n&&(n=r+\"_\"+d.length),gform.hooks[o][r].push({tag:n,callable:e,priority:t=null==t?10:t})},doHook:function(r,o,e){var t;if(e=Array.prototype.slice.call(e,1),null!=gform.hooks[r][o]&&((o=gform.hooks[r][o]).sort(function(o,r){return o.priority-r.priority}),o.forEach(function(o){\"function\"!=typeof(t=o.callable)&&(t=window[t]),\"action\"==r?t.apply(null,e):e[0]=t.apply(null,e)})),\"filter\"==r)return e[0]},removeHook:function(o,r,t,n){var e;null!=gform.hooks[o][r]&&(e=(e=gform.hooks[o][r]).filter(function(o,r,e){return!!(null!=n&&n!=o.tag||null!=t&&t!=o.priority)}),gform.hooks[o][r]=e)}});\n\/* ]]> *\/\n<\/script>\n\n                <div class='gf_browser_gecko gform_wrapper gform_legacy_markup_wrapper gform-theme--no-framework' data-form-theme='legacy' data-form-index='0' id='gform_wrapper_21' ><div id='gf_21' class='gform_anchor' tabindex='-1'><\/div><form method='post' enctype='multipart\/form-data' target='gform_ajax_frame_21' id='gform_21'  action='\/tr\/wp-json\/wp\/v2\/pages\/6429#gf_21' data-formid='21' novalidate>\n                        <div class='gform-body gform_body'><ul id='gform_fields_21' class='gform_fields top_label form_sublabel_below description_below validation_below'><li id=\"field_21_1\" class=\"gfield gfield--type-text gf_left_half gfield_contains_required field_sublabel_below gfield--no-description field_description_below field_validation_below gfield_visibility_visible\"  ><label class='gfield_label gform-field-label' for='input_21_1'>Ad<span class=\"gfield_required\"><span class=\"gfield_required gfield_required_asterisk\">*<\/span><\/span><\/label><div class='ginput_container ginput_container_text'><input name='input_1' id='input_21_1' type='text' value='' class='medium'   tabindex='49' placeholder='Ad *' aria-required=\"true\" aria-invalid=\"false\"   \/><\/div><\/li><li id=\"field_21_2\" class=\"gfield gfield--type-text gfield--width-full gf_right_half gfield_contains_required field_sublabel_below gfield--no-description field_description_below field_validation_below gfield_visibility_visible\"  ><label class='gfield_label gform-field-label' for='input_21_2'>Soyad<span class=\"gfield_required\"><span class=\"gfield_required gfield_required_asterisk\">*<\/span><\/span><\/label><div class='ginput_container ginput_container_text'><input name='input_2' id='input_21_2' type='text' value='' class='medium'   tabindex='50' placeholder='Soyad *' aria-required=\"true\" aria-invalid=\"false\"   \/><\/div><\/li><li id=\"field_21_3\" class=\"gfield gfield--type-text gf_left_half gfield_contains_required field_sublabel_below gfield--no-description field_description_below field_validation_below gfield_visibility_visible\"  ><label class='gfield_label gform-field-label' for='input_21_3'>Telefon<span class=\"gfield_required\"><span class=\"gfield_required gfield_required_asterisk\">*<\/span><\/span><\/label><div class='ginput_container ginput_container_text'><input name='input_3' id='input_21_3' type='text' value='' class='medium'   tabindex='51' placeholder='Telefon *' aria-required=\"true\" aria-invalid=\"false\"   \/><\/div><\/li><li id=\"field_21_4\" class=\"gfield gfield--type-email gf_right_half gfield_contains_required field_sublabel_below gfield--no-description field_description_below field_validation_below gfield_visibility_visible\"  ><label class='gfield_label gform-field-label' for='input_21_4'>Email<span class=\"gfield_required\"><span class=\"gfield_required gfield_required_asterisk\">*<\/span><\/span><\/label><div class='ginput_container ginput_container_email'>\n                            <input name='input_4' id='input_21_4' type='email' value='' class='medium' tabindex='52'  placeholder='Email *' aria-required=\"true\" aria-invalid=\"false\"  \/>\n                        <\/div><\/li><li id=\"field_21_5\" class=\"gfield gfield--type-textarea area_hight field_sublabel_below gfield--no-description field_description_below field_validation_below gfield_visibility_visible\"  ><label class='gfield_label gform-field-label' for='input_21_5'>Di\u015f sorunlar\u0131n\u0131z ve tedaviler hakk\u0131nda bilgi almak i\u00e7in bize yaz\u0131n<\/label><div class='ginput_container ginput_container_textarea'><textarea name='input_5' id='input_21_5' class='textarea medium' tabindex='53'   placeholder='Di\u015f sorunlar\u0131n\u0131z ve tedaviler hakk\u0131nda bilgi almak i\u00e7in bize yaz\u0131n'  aria-invalid=\"false\"   rows='10' cols='50'><\/textarea><\/div><\/li><li id=\"field_21_8\" class=\"gfield gfield--type-consent gfield--type-choice gfield--input-type-consent field_sublabel_below gfield--no-description field_description_below field_validation_below gfield_visibility_visible\"  ><label class='gfield_label gform-field-label gfield_label_before_complex' >KVKK Bilgilendirme<\/label><div class='ginput_container ginput_container_consent'><input name='input_8.1' id='input_21_8_1' type='checkbox' value='1' tabindex='54'   aria-invalid=\"false\"   \/> <label class=\"gform-field-label gform-field-label--type-inline gfield_consent_label\" for='input_21_8_1' ><a href=\"\/tr\/kvkk-bilgilendirme\/\">KVKK Ayd\u0131nlatma Metni<\/a>ni okudum ve ki\u015fisel verilerimin payla\u015f\u0131m\u0131na izin veriyorum. *<\/label><input type='hidden' name='input_8.2' value='&lt;a href=&quot;\/tr\/kvkk-bilgilendirme\/&quot;&gt;KVKK Ayd\u0131nlatma Metni&lt;\/a&gt;ni okudum ve ki\u015fisel verilerimin payla\u015f\u0131m\u0131na izin veriyorum. *' class='gform_hidden' \/><input type='hidden' name='input_8.3' value='13' class='gform_hidden' \/><\/div><\/li><li id=\"field_21_9\" class=\"gfield gfield--type-honeypot gform_validation_container field_sublabel_below gfield--has-description field_description_below field_validation_below gfield_visibility_visible\"  ><label class='gfield_label gform-field-label' for='input_21_9'>Comments<\/label><div class='ginput_container'><input name='input_9' id='input_21_9' type='text' value='' autocomplete='new-password'\/><\/div><div class='gfield_description' id='gfield_description_21_9'>Bu alan do\u011frulama ama\u00e7l\u0131d\u0131r ve de\u011fi\u015fiklik yap\u0131lmadan b\u0131rak\u0131lmal\u0131d\u0131r.<\/div><\/li><\/ul><\/div>\n        <div class='gform-footer gform_footer top_label'> <input type='submit' id='gform_submit_button_21' class='gform_button button' onclick='gform.submission.handleButtonClick(this);' data-submission-type='submit' value='G\u00f6nder' tabindex='55' \/> <input type='hidden' name='gform_ajax' value='form_id=21&amp;title=&amp;description=&amp;tabindex=49&amp;theme=legacy&amp;styles=[]&amp;hash=b8a7bba726fb7bb876ea817699e19590' \/>\n            <input type='hidden' class='gform_hidden' name='gform_submission_method' data-js='gform_submission_method_21' value='iframe' \/>\n            <input type='hidden' class='gform_hidden' name='gform_theme' data-js='gform_theme_21' id='gform_theme_21' value='legacy' \/>\n            <input type='hidden' class='gform_hidden' name='gform_style_settings' data-js='gform_style_settings_21' id='gform_style_settings_21' value='[]' \/>\n            <input type='hidden' class='gform_hidden' name='is_submit_21' value='1' \/>\n            <input type='hidden' class='gform_hidden' name='gform_submit' value='21' \/>\n            \n            <input type='hidden' class='gform_hidden' name='gform_unique_id' value='' \/>\n            <input type='hidden' class='gform_hidden' name='state_21' value='WyJ7XCI4LjFcIjpcIjNhNzI3NWE4MzAyYmU4Yjg4YTYzMTE0MGNkN2RmZjg0XCIsXCI4LjJcIjpcImM3NTVmNjE5NTViZTczYWU5YjU0OWRlNDRjZjdiNmM5XCIsXCI4LjNcIjpcIjliMzM4NDczZWVkMWFkMWJkNmQ5OGU2YzI5MjYxZDk0XCJ9IiwiY2ExNDJmYTIwMTgwMTFjZDU4MzY0Y2YzNTVjNjgzNDMiXQ==' \/>\n            <input type='hidden' autocomplete='off' class='gform_hidden' name='gform_target_page_number_21' id='gform_target_page_number_21' value='0' \/>\n            <input type='hidden' autocomplete='off' class='gform_hidden' name='gform_source_page_number_21' id='gform_source_page_number_21' value='1' \/>\n            <input type='hidden' name='gform_field_values' value='' \/>\n            \n        <\/div>\n                        <\/form>\n                        <\/div>\n\t\t                <iframe style='display:none;width:0px;height:0px;' src='about:blank' name='gform_ajax_frame_21' id='gform_ajax_frame_21' title='Bu iframe, Ajax destekli Gravity Forms i\u015flemleri i\u00e7in gereken mant\u0131\u011f\u0131 i\u00e7erir.'><\/iframe>\n\t\t                <script type=\"text\/javascript\">\n\/* <![CDATA[ *\/\n gform.initializeOnLoaded( function() {gformInitSpinner( 21, 'https:\/\/bestdentalistanbul.com.tr\/wp-content\/plugins\/gravityforms\/images\/spinner.svg', true );jQuery('#gform_ajax_frame_21').on('load',function(){var contents = jQuery(this).contents().find('*').html();var is_postback = contents.indexOf('GF_AJAX_POSTBACK') >= 0;if(!is_postback){return;}var form_content = jQuery(this).contents().find('#gform_wrapper_21');var is_confirmation = jQuery(this).contents().find('#gform_confirmation_wrapper_21').length > 0;var is_redirect = contents.indexOf('gformRedirect(){') >= 0;var is_form = form_content.length > 0 && ! is_redirect && ! is_confirmation;var mt = parseInt(jQuery('html').css('margin-top'), 10) + parseInt(jQuery('body').css('margin-top'), 10) + 100;if(is_form){jQuery('#gform_wrapper_21').html(form_content.html());if(form_content.hasClass('gform_validation_error')){jQuery('#gform_wrapper_21').addClass('gform_validation_error');} else {jQuery('#gform_wrapper_21').removeClass('gform_validation_error');}setTimeout( function() { \/* delay the scroll by 50 milliseconds to fix a bug in chrome *\/ jQuery(document).scrollTop(jQuery('#gform_wrapper_21').offset().top - mt); }, 50 );if(window['gformInitDatepicker']) {gformInitDatepicker();}if(window['gformInitPriceFields']) {gformInitPriceFields();}var current_page = jQuery('#gform_source_page_number_21').val();gformInitSpinner( 21, 'https:\/\/bestdentalistanbul.com.tr\/wp-content\/plugins\/gravityforms\/images\/spinner.svg', true );jQuery(document).trigger('gform_page_loaded', [21, current_page]);window['gf_submitting_21'] = false;}else if(!is_redirect){var confirmation_content = jQuery(this).contents().find('.GF_AJAX_POSTBACK').html();if(!confirmation_content){confirmation_content = contents;}jQuery('#gform_wrapper_21').replaceWith(confirmation_content);jQuery(document).scrollTop(jQuery('#gf_21').offset().top - mt);jQuery(document).trigger('gform_confirmation_loaded', [21]);window['gf_submitting_21'] = false;wp.a11y.speak(jQuery('#gform_confirmation_message_21').text());}else{jQuery('#gform_21').append(contents);if(window['gformRedirect']) {gformRedirect();}}jQuery(document).trigger(\"gform_pre_post_render\", [{ formId: \"21\", currentPage: \"current_page\", abort: function() { this.preventDefault(); } }]);        if (event && event.defaultPrevented) {                return;        }        const gformWrapperDiv = document.getElementById( \"gform_wrapper_21\" );        if ( gformWrapperDiv ) {            const visibilitySpan = document.createElement( \"span\" );            visibilitySpan.id = \"gform_visibility_test_21\";            gformWrapperDiv.insertAdjacentElement( \"afterend\", visibilitySpan );        }        const visibilityTestDiv = document.getElementById( \"gform_visibility_test_21\" );        let postRenderFired = false;        function triggerPostRender() {            if ( postRenderFired ) {                return;            }            postRenderFired = true;            gform.core.triggerPostRenderEvents( 21, current_page );            if ( visibilityTestDiv ) {                visibilityTestDiv.parentNode.removeChild( visibilityTestDiv );            }        }        function debounce( func, wait, immediate ) {            var timeout;            return function() {                var context = this, args = arguments;                var later = function() {                    timeout = null;                    if ( !immediate ) func.apply( context, args );                };                var callNow = immediate && !timeout;                clearTimeout( timeout );                timeout = setTimeout( later, wait );                if ( callNow ) func.apply( context, args );            };        }        const debouncedTriggerPostRender = debounce( function() {            triggerPostRender();        }, 200 );        if ( visibilityTestDiv && visibilityTestDiv.offsetParent === null ) {            const observer = new MutationObserver( ( mutations ) => {                mutations.forEach( ( mutation ) => {                    if ( mutation.type === 'attributes' && visibilityTestDiv.offsetParent !== null ) {                        debouncedTriggerPostRender();                        observer.disconnect();                    }                });            });            observer.observe( document.body, {                attributes: true,                childList: false,                subtree: true,                attributeFilter: [ 'style', 'class' ],            });        } else {            triggerPostRender();        }    } );} ); \n\/* ]]> *\/\n<\/script>\n \t\t\t\t\t\n\t\t\t\t\t\t\t\t\t\n\n\t\t\t\t\t<p>Muayenemiz \u00fccretsizdir. L\u00fctfen ileti\u015fim ve randevu formu eksiksiz doldurunuz. Sizinle en k\u0131sa s\u00fcrede ileti\u015fime ge\u00e7ilecektir.<\/p>\t\t\n\t\t\t\t<\/div><!-- \/.bg-color-vodeo -->\n\t\t\t\t\t<\/div><!-- \/.right -->\n\t<\/div><!-- \/.top_sec__block -->\n<\/section><!-- \/.top_sec -->\n\n\n<div class=\"map map_contact\">\n  <a href=\"https:\/\/www.google.com\/maps\/place\/Best+Dental+%C4%B0stanbul+%7C+Veneers+%7C+Implants+%7C+Crowns\/@40.975684,28.861296,16z\/data=!4m5!3m4!1s0x0:0x3ee8122adb2d9785!8m2!3d40.9756839!4d28.861296?hl=tr\">\n    <script src=\"\/\/maps.googleapis.com\/maps\/api\/js?key=AIzaSyDsDco2f7eqIAJKqYm0VKeni5y8lXrlLiw\"><\/script>\n    <script>\n    function initialize() {\n      var map = new google.maps.Map(\n        document.getElementById('map'), {\n          center: new google.maps.LatLng(40.9756839, 28.861296),\n          zoom: 16,\n          mapTypeId: google.maps.MapTypeId.ROADMAP,\n          styles: [\n            {\r\n        \"featureType\": \"water\",\r\n        \"elementType\": \"geometry\",\r\n        \"stylers\": [\r\n            {\r\n                \"color\": \"#e9e9e9\"\r\n            },\r\n            {\r\n                \"lightness\": 17\r\n            }\r\n        ]\r\n    },\r\n    {\r\n        \"featureType\": \"landscape\",\r\n        \"elementType\": \"geometry\",\r\n        \"stylers\": [\r\n            {\r\n                \"color\": \"#f5f5f5\"\r\n            },\r\n            {\r\n                \"lightness\": 20\r\n            }\r\n        ]\r\n    },\r\n    {\r\n        \"featureType\": \"road.highway\",\r\n        \"elementType\": \"geometry.fill\",\r\n        \"stylers\": [\r\n            {\r\n                \"color\": \"#ffffff\"\r\n            },\r\n            {\r\n                \"lightness\": 17\r\n            }\r\n        ]\r\n    },\r\n    {\r\n        \"featureType\": \"road.highway\",\r\n        \"elementType\": \"geometry.stroke\",\r\n        \"stylers\": [\r\n            {\r\n                \"color\": \"#ffffff\"\r\n            },\r\n            {\r\n                \"lightness\": 29\r\n            },\r\n            {\r\n                \"weight\": 0.2\r\n            }\r\n        ]\r\n    },\r\n    {\r\n        \"featureType\": \"road.arterial\",\r\n        \"elementType\": \"geometry\",\r\n        \"stylers\": [\r\n            {\r\n                \"color\": \"#ffffff\"\r\n            },\r\n            {\r\n                \"lightness\": 18\r\n            }\r\n        ]\r\n    },\r\n    {\r\n        \"featureType\": \"road.local\",\r\n        \"elementType\": \"geometry\",\r\n        \"stylers\": [\r\n            {\r\n                \"color\": \"#ffffff\"\r\n            },\r\n            {\r\n                \"lightness\": 16\r\n            }\r\n        ]\r\n    },\r\n    {\r\n        \"featureType\": \"poi\",\r\n        \"elementType\": \"geometry\",\r\n        \"stylers\": [\r\n            {\r\n                \"color\": \"#f5f5f5\"\r\n            },\r\n            {\r\n                \"lightness\": 21\r\n            }\r\n        ]\r\n    },\r\n    {\r\n        \"featureType\": \"poi.park\",\r\n        \"elementType\": \"geometry\",\r\n        \"stylers\": [\r\n            {\r\n                \"color\": \"#dedede\"\r\n            },\r\n            {\r\n                \"lightness\": 21\r\n            }\r\n        ]\r\n    },\r\n    {\r\n        \"elementType\": \"labels.text.stroke\",\r\n        \"stylers\": [\r\n            {\r\n                \"visibility\": \"on\"\r\n            },\r\n            {\r\n                \"color\": \"#ffffff\"\r\n            },\r\n            {\r\n                \"lightness\": 16\r\n            }\r\n        ]\r\n    },\r\n    {\r\n        \"elementType\": \"labels.text.fill\",\r\n        \"stylers\": [\r\n            {\r\n                \"saturation\": 36\r\n            },\r\n            {\r\n                \"color\": \"#333333\"\r\n            },\r\n            {\r\n                \"lightness\": 40\r\n            }\r\n        ]\r\n    },\r\n    {\r\n        \"elementType\": \"labels.icon\",\r\n        \"stylers\": [\r\n            {\r\n                \"visibility\": \"off\"\r\n            }\r\n        ]\r\n    },\r\n    {\r\n        \"featureType\": \"transit\",\r\n        \"elementType\": \"geometry\",\r\n        \"stylers\": [\r\n            {\r\n                \"color\": \"#f2f2f2\"\r\n            },\r\n            {\r\n                \"lightness\": 19\r\n            }\r\n        ]\r\n    },\r\n    {\r\n        \"featureType\": \"administrative\",\r\n        \"elementType\": \"geometry.fill\",\r\n        \"stylers\": [\r\n            {\r\n                \"color\": \"#fefefe\"\r\n            },\r\n            {\r\n                \"lightness\": 20\r\n            }\r\n        ]\r\n    },\r\n    {\r\n        \"featureType\": \"administrative\",\r\n        \"elementType\": \"geometry.stroke\",\r\n        \"stylers\": [\r\n            {\r\n                \"color\": \"#fefefe\"\r\n            },\r\n            {\r\n                \"lightness\": 17\r\n            },\r\n            {\r\n                \"weight\": 1.2\r\n            }\r\n        ]\r\n    }          ]\n      });\n\n      var marker = new google.maps.Marker({\n            position: new google.maps.LatLng(40.9756839, 28.861296),\n            map: map,\n            \/\/ icon   : \"https:\/\/bestdentalistanbul.com.tr\/wp-content\/uploads\/map-pin.png\",\n            icon: {\n                url: '\/wp-content\/uploads\/map-pin.png',\n                anchor: new google.maps.Point(306, 65)\n            },\n            title: 'BEST DENTAL \u0130STANBUL'\n      });\n\n    }\n    google.maps.event.addDomListener(window, 'load', initialize);\n    <\/script>\n\n\n<div id=\"map\"><\/div>\n  <\/a>\n<\/div><!-- \/.map -->\n\n<div class=\"kk-star-ratings kksr-auto kksr-align-right kksr-valign-bottom\"\n    data-payload='{&quot;align&quot;:&quot;right&quot;,&quot;id&quot;:&quot;6429&quot;,&quot;slug&quot;:&quot;default&quot;,&quot;valign&quot;:&quot;bottom&quot;,&quot;ignore&quot;:&quot;&quot;,&quot;reference&quot;:&quot;auto&quot;,&quot;class&quot;:&quot;&quot;,&quot;count&quot;:&quot;0&quot;,&quot;legendonly&quot;:&quot;&quot;,&quot;readonly&quot;:&quot;&quot;,&quot;score&quot;:&quot;0&quot;,&quot;starsonly&quot;:&quot;&quot;,&quot;best&quot;:&quot;5&quot;,&quot;gap&quot;:&quot;5&quot;,&quot;greet&quot;:&quot;\\u0026lt;\\u0026lt; \u0422\u043e\u043f \u041e\u0446\u0435\u043d\u043a\u0430&quot;,&quot;legend&quot;:&quot;0\\\/5 - (0 votes)&quot;,&quot;size&quot;:&quot;24&quot;,&quot;title&quot;:&quot;\u0130leti\u015fim&quot;,&quot;width&quot;:&quot;0&quot;,&quot;_legend&quot;:&quot;{score}\\\/{best} - ({count} {votes})&quot;,&quot;font_factor&quot;:&quot;1.25&quot;}'>\n            \n<div class=\"kksr-stars\">\n    \n<div class=\"kksr-stars-inactive\">\n            <div class=\"kksr-star\" data-star=\"1\" style=\"padding-right: 5px\">\n            \n\n<div class=\"kksr-icon\" style=\"width: 24px; height: 24px;\"><\/div>\n        <\/div>\n            <div class=\"kksr-star\" data-star=\"2\" style=\"padding-right: 5px\">\n            \n\n<div class=\"kksr-icon\" style=\"width: 24px; height: 24px;\"><\/div>\n        <\/div>\n            <div class=\"kksr-star\" data-star=\"3\" style=\"padding-right: 5px\">\n            \n\n<div class=\"kksr-icon\" style=\"width: 24px; height: 24px;\"><\/div>\n        <\/div>\n            <div class=\"kksr-star\" data-star=\"4\" style=\"padding-right: 5px\">\n            \n\n<div class=\"kksr-icon\" style=\"width: 24px; height: 24px;\"><\/div>\n        <\/div>\n            <div class=\"kksr-star\" data-star=\"5\" style=\"padding-right: 5px\">\n            \n\n<div class=\"kksr-icon\" style=\"width: 24px; height: 24px;\"><\/div>\n        <\/div>\n    <\/div>\n    \n<div class=\"kksr-stars-active\" style=\"width: 0px;\">\n            <div class=\"kksr-star\" style=\"padding-right: 5px\">\n            \n\n<div class=\"kksr-icon\" style=\"width: 24px; height: 24px;\"><\/div>\n        <\/div>\n            <div class=\"kksr-star\" style=\"padding-right: 5px\">\n            \n\n<div class=\"kksr-icon\" style=\"width: 24px; height: 24px;\"><\/div>\n        <\/div>\n            <div class=\"kksr-star\" style=\"padding-right: 5px\">\n            \n\n<div class=\"kksr-icon\" style=\"width: 24px; height: 24px;\"><\/div>\n        <\/div>\n            <div class=\"kksr-star\" style=\"padding-right: 5px\">\n            \n\n<div class=\"kksr-icon\" style=\"width: 24px; height: 24px;\"><\/div>\n        <\/div>\n            <div class=\"kksr-star\" style=\"padding-right: 5px\">\n            \n\n<div class=\"kksr-icon\" style=\"width: 24px; height: 24px;\"><\/div>\n        <\/div>\n    <\/div>\n<\/div>\n                \n\n<div class=\"kksr-legend\" style=\"font-size: 19.2px;\">\n            <span class=\"kksr-muted\">&lt;&lt; \u0422\u043e\u043f \u041e\u0446\u0435\u043d\u043a\u0430<\/span>\n    <\/div>\n    <\/div>\n","protected":false},"excerpt":{"rendered":"","protected":false},"author":8,"featured_media":0,"parent":0,"menu_order":0,"comment_status":"closed","ping_status":"closed","template":"","meta":{"_acf_changed":false,"footnotes":""},"class_list":["post-6429","page","type-page","status-publish","hentry"],"acf":[],"_links":{"self":[{"href":"https:\/\/bestdentalistanbul.com.tr\/tr\/wp-json\/wp\/v2\/pages\/6429","targetHints":{"allow":["GET"]}}],"collection":[{"href":"https:\/\/bestdentalistanbul.com.tr\/tr\/wp-json\/wp\/v2\/pages"}],"about":[{"href":"https:\/\/bestdentalistanbul.com.tr\/tr\/wp-json\/wp\/v2\/types\/page"}],"author":[{"embeddable":true,"href":"https:\/\/bestdentalistanbul.com.tr\/tr\/wp-json\/wp\/v2\/users\/8"}],"replies":[{"embeddable":true,"href":"https:\/\/bestdentalistanbul.com.tr\/tr\/wp-json\/wp\/v2\/comments?post=6429"}],"version-history":[{"count":0,"href":"https:\/\/bestdentalistanbul.com.tr\/tr\/wp-json\/wp\/v2\/pages\/6429\/revisions"}],"wp:attachment":[{"href":"https:\/\/bestdentalistanbul.com.tr\/tr\/wp-json\/wp\/v2\/media?parent=6429"}],"curies":[{"name":"wp","href":"https:\/\/api.w.org\/{rel}","templated":true}]}}